{"id":395390,"date":"2024-03-05T09:29:56","date_gmt":"2024-03-05T09:29:56","guid":{"rendered":"http:\/\/luxconcept.testpw.link\/?page_id=395390"},"modified":"2024-12-30T15:26:06","modified_gmt":"2024-12-30T15:26:06","slug":"legal-information","status":"publish","type":"page","link":"https:\/\/fiduciaire-luxconcept.lu\/en\/mentions-legales\/","title":{"rendered":"Legal information"},"content":{"rendered":"<p>[et_pb_section fb_built=\u00a0\u00bb1&Prime; next_background_color=\u00a0\u00bb#ffffff\u00a0\u00bb _builder_version=\u00a0\u00bb4.23.4&Prime; _module_preset=\u00a0\u00bbdefault\u00a0\u00bb background_color=\u00a0\u00bbrgba(246,181,55,0.1)\u00a0\u00bb background_enable_pattern_style=\u00a0\u00bbon\u00a0\u00bb background_pattern_style=\u00a0\u00bbdiagonal-stripes\u00a0\u00bb background_pattern_color=\u00a0\u00bbRGBA(246,181,55,0.1)\u00a0\u00bb background_pattern_size=\u00a0\u00bbcustom\u00a0\u00bb background_pattern_width=\u00a0\u00bb6px\u00a0\u00bb custom_padding=\u00a0\u00bb80px||0px||false|false\u00a0\u00bb bottom_divider_style=\u00a0\u00bbtriangle\u00a0\u00bb bottom_divider_flip=\u00a0\u00bbvertical\u00a0\u00bb locked=\u00a0\u00bboff\u00a0\u00bb global_colors_info=\u00a0\u00bb{}\u00a0\u00bb][\/et_pb_section][et_pb_section fb_built=\u00a0\u00bb1&Prime; _builder_version=\u00a0\u00bb4.23.4&Prime; _module_preset=\u00a0\u00bbdefault\u00a0\u00bb custom_padding=\u00a0\u00bb||0px||false|false\u00a0\u00bb global_colors_info=\u00a0\u00bb{}\u00a0\u00bb][et_pb_row _builder_version=\u00a0\u00bb4.24.0&Prime; _module_preset=\u00a0\u00bbdefault\u00a0\u00bb global_colors_info=\u00a0\u00bb{}\u00a0\u00bb][et_pb_column type=\u00a0\u00bb4_4&Prime; _builder_version=\u00a0\u00bb4.24.0&Prime; _module_preset=\u00a0\u00bbdefault\u00a0\u00bb global_colors_info=\u00a0\u00bb{}\u00a0\u00bb][et_pb_text _builder_version=\u00a0\u00bb4.27.4&Prime; _module_preset=\u00a0\u00bbdefault\u00a0\u00bb hover_enabled=\u00a0\u00bb0&Prime; global_colors_info=\u00a0\u00bb{}\u00a0\u00bb sticky_enabled=\u00a0\u00bb0&Prime;]<\/p>\n<h2><span id=\"lwptoc20\">1 &#8211; \u00c9dition du site<\/span><\/h2>\n<p>Pour la confiance dans l&rsquo;\u00e9conomie num\u00e9rique, il est pr\u00e9cis\u00e9 aux utilisateurs du site internet<span>\u00a0<\/span><strong><span class=\"ff_dynamic_value\" data-ref=\"url\" data-fallback=\"\">https:\/\/fiduciaire-luxconcept.lu<\/span><\/strong><span>\u00a0<\/span>l&rsquo;identit\u00e9 des diff\u00e9rents intervenants dans le cadre de sa r\u00e9alisation et de son suivi:<\/p>\n<p><strong>Propri\u00e9taire du site :<span>\u00a0<\/span><\/strong><span class=\"ff_dynamic_value\" data-ref=\"nom_proprietaire\" data-fallback=\"\">SANCHEZ Pablo<\/span><span>\u00a0<\/span>&#8211; Contact :<span>\u00a0<\/span><span class=\"ff_dynamic_value\" data-ref=\"e_mail_contact\" data-fallback=\"\">info@luxconcept.eu<\/span><span>\u00a0<\/span><span class=\"ff_dynamic_value\" data-ref=\"telephone\" data-fallback=\"\">+352 26 67 61 1<\/span><span>\u00a0<\/span>&#8211; Adresse :<span>\u00a0<\/span><span class=\"ff_dynamic_value\" data-ref=\"adresse_postale\" data-fallback=\"\">15, Rue Robert Schuman L-5751 Frisange<\/span>.<\/p>\n<p><strong>Identification de l&rsquo;entreprise :\u00a0<\/strong><\/p>\n<p><span class=\"ff_dynamic_value\" data-ref=\"forme_juridique\" data-fallback=\"\"><\/span><span class=\"ff_dynamic_value\" data-ref=\"nom_proprietaire\" data-fallback=\"\">Fiduciaire Comptable LUXCONCEPT S.\u00e0 r.l.<\/span><\/p>\n<p>Adresse postale :<span>\u00a0<\/span><span class=\"ff_dynamic_value\" data-ref=\"adresse_postale\" data-fallback=\"\">15, Rue Robert Schuman L-5751 Frisange<\/span><span> <\/span><\/p>\n<p><strong>Directeur de la publication :<span>\u00a0<\/span><\/strong><span class=\"ff_dynamic_value\" data-ref=\"directeur_publication\" data-fallback=\"\">SANCHEZ Pablo<\/span><\/p>\n<p><strong>H\u00e9bergeur :<\/strong><span>\u00a0<\/span><span class=\"ff_dynamic_value\" data-ref=\"nom_hebergeur\" data-fallback=\"\">Hostinger<\/span><span class=\"ff_dynamic_value\" data-ref=\"adresse_hebergeur\" data-fallback=\"\"><\/span><span class=\"ff_dynamic_value\" data-ref=\"telephone_hebergeur\" data-fallback=\"\"><\/span><\/p>\n<hr class=\"wp-block-separator\" \/>\n<h2><span id=\"lwptoc21\">2 &#8211; Propri\u00e9t\u00e9 intellectuelle et contrefa\u00e7ons.<\/span><\/h2>\n<p><strong><span class=\"ff_dynamic_value\" data-ref=\"nom_proprietaire\" data-fallback=\"\">SANCHEZ Pablo<\/span><\/strong><span>\u00a0<\/span>est propri\u00e9taire des droits de propri\u00e9t\u00e9 intellectuelle et d\u00e9tient les droits d\u2019usage sur tous les \u00e9l\u00e9ments accessibles sur le site internet, notamment les textes, images, graphismes, logos, vid\u00e9os, architecture, ic\u00f4nes et sons.<\/p>\n<p>Toute reproduction, repr\u00e9sentation, modification, publication, adaptation de tout ou partie des \u00e9l\u00e9ments du site, quel que soit le moyen ou le proc\u00e9d\u00e9 utilis\u00e9, est interdite, sauf autorisation \u00e9crite pr\u00e9alable de<span>\u00a0<\/span><strong><span class=\"ff_dynamic_value\" data-ref=\"nom_proprietaire\" data-fallback=\"\">SANCHEZ Pablo<\/span><\/strong>.<\/p>\n<p>Toute exploitation non autoris\u00e9e du site ou de quelconque \u00e9l\u00e9ment qu\u2019il contient sera consid\u00e9r\u00e9e comme constitutive d\u2019une contrefa\u00e7on et poursuivie conform\u00e9ment aux dispositions de la loi.<\/p>\n<p>&nbsp;<\/p>\n<h2><span id=\"lwptoc22\">3 &#8211; Limitations de responsabilit\u00e9.<\/span><\/h2>\n<p><strong><span class=\"ff_dynamic_value\" data-ref=\"nom_proprietaire\" data-fallback=\"\">SANCHEZ Pablo<\/span><\/strong><span>\u00a0<\/span>ne pourra \u00eatre tenu pour responsable des dommages directs et indirects caus\u00e9s au mat\u00e9riel de l\u2019utilisateur, lors de l\u2019acc\u00e8s au site<span>\u00a0<\/span><strong><span class=\"ff_dynamic_value\" data-ref=\"url\" data-fallback=\"\">https:\/\/fiduciaire-luxconcept.lu<\/span><\/strong>.<\/p>\n<p><strong><span class=\"ff_dynamic_value\" data-ref=\"nom_proprietaire\" data-fallback=\"\">SANCHEZ Pablo<\/span><\/strong><span>\u00a0<\/span>d\u00e9cline toute responsabilit\u00e9 quant \u00e0 l\u2019utilisation qui pourrait \u00eatre faite des informations et contenus pr\u00e9sents sur<span>\u00a0<\/span><strong><span class=\"ff_dynamic_value\" data-ref=\"url\" data-fallback=\"\">https:\/\/fiduciaire-luxconcept.lu<\/span><\/strong>.<\/p>\n<p><strong><span class=\"ff_dynamic_value\" data-ref=\"nom_proprietaire\" data-fallback=\"\">SANCHEZ Pablo<\/span><\/strong><span>\u00a0<\/span>s\u2019engage \u00e0 s\u00e9curiser au mieux le site<span>\u00a0<\/span><strong><span class=\"ff_dynamic_value\" data-ref=\"url\" data-fallback=\"\">https:\/\/fiduciaire-luxconcept.lu<\/span><\/strong>, cependant sa responsabilit\u00e9 ne pourra \u00eatre mise en cause si des donn\u00e9es ind\u00e9sirables sont import\u00e9es et install\u00e9es sur son site \u00e0 son insu.<\/p>\n<p>Des espaces interactifs (espace contact ou commentaires) sont \u00e0 la disposition des utilisateurs.<span>\u00a0<\/span><strong><span class=\"ff_dynamic_value\" data-ref=\"nom_proprietaire\" data-fallback=\"\">SANCHEZ Pablo<\/span><\/strong><span>\u00a0<\/span>se r\u00e9serve le droit de supprimer, sans mise en demeure pr\u00e9alable, tout contenu d\u00e9pos\u00e9 dans cet espace qui contreviendrait \u00e0 la l\u00e9gislation applicable, en particulier aux dispositions relatives \u00e0 la protection des donn\u00e9es.<\/p>\n<p>Le cas \u00e9ch\u00e9ant,<span>\u00a0<\/span><strong><span class=\"ff_dynamic_value\" data-ref=\"nom_proprietaire\" data-fallback=\"\">SANCHEZ Pablo<\/span><\/strong><span>\u00a0<\/span>se r\u00e9serve \u00e9galement la possibilit\u00e9 de mettre en cause la responsabilit\u00e9 civile et\/ou p\u00e9nale de l\u2019utilisateur, notamment en cas de message \u00e0 caract\u00e8re raciste, injurieux, diffamant, ou pornographique, quel que soit le support utilis\u00e9 (texte, photographie \u2026).<\/p>\n<hr class=\"wp-block-separator\" \/>\n<h2><span id=\"lwptoc23\">4 &#8211; CNPD et gestion des donn\u00e9es personnelles.<\/span><\/h2>\n<p>Conform\u00e9ment aux dispositions du<span>\u00a0r\u00e8glement (UE) 2016\/679 du 27 avril 2016 relatif \u00e0 la protection des personnes physiques \u00e0 l\u2019\u00e9gard du traitement des donn\u00e9es \u00e0 caract\u00e8re personnel et \u00e0 la libre circulation de ces donn\u00e9es, et abrogeant la directive 95\/46\/CE (le \u00ab RGPD \u00bb ou le \u00ab GDPR \u00bb)<\/span>, l\u2019utilisateur du site<span>\u00a0<\/span><strong><span class=\"ff_dynamic_value\" data-ref=\"url\" data-fallback=\"\">https:\/\/fiduciaire-luxconcept.lu<\/span><\/strong><span>\u00a0<\/span>dispose d\u2019un droit d\u2019acc\u00e8s, de rectification, \u00e0 la portabilit\u00e9, d\u2019opposition, de limitation, d\u2019effacement des informations collect\u00e9es. Pour exercer ce droit, vous pouvez envoyer un message \u00e0 notre Responsable du traitement \u00e0 la protection des donn\u00e9es : <span class=\"ff_dynamic_value\" data-ref=\"dpo\" data-fallback=\"\">Fiduciaire Comptable LUXCONCEPT S.\u00e0 r.l. &#8211; LIBOLT<\/span><span class=\"ff_dynamic_value\" data-ref=\"contact_dpo\" data-fallback=\"\">\u00a0Emilie, \u00e0 l&rsquo;adresse mail rgpd@luxconcept.eu.<\/span><\/p>\n<p>Pour plus d&rsquo;informations sur la fa\u00e7on dont nous traitons vos donn\u00e9es (type de donn\u00e9es, finalit\u00e9, destinataire&#8230;), lisez notre<span>\u00a0<\/span><strong><span class=\"ff_dynamic_value\" data-ref=\"politique_confidentialite\" data-fallback=\"\">https:\/\/fiduciaire-luxconcept.lu\/politique-confidentialite\/<\/span><\/strong>.<\/p>\n<h2><span id=\"lwptoc24\">5 &#8211; Liens hypertextes et cookies<\/span><\/h2>\n<p>Le site<span>\u00a0<\/span><strong><span class=\"ff_dynamic_value\" data-ref=\"url\" data-fallback=\"\">https:\/\/fiduciaire-luxconcept.lu<\/span><\/strong><span>\u00a0<\/span>contient des liens hypertextes vers d\u2019autres sites et d\u00e9gage toute responsabilit\u00e9 \u00e0 propos de ces liens externes ou des liens cr\u00e9\u00e9s par d\u2019autres sites vers<span>\u00a0<\/span><strong><span class=\"ff_dynamic_value\" data-ref=\"url\" data-fallback=\"\">https:\/\/fiduciaire-luxconcept.lu<\/span><\/strong>.<\/p>\n<p>La navigation sur le site<span>\u00a0<\/span><strong><span class=\"ff_dynamic_value\" data-ref=\"url\" data-fallback=\"\">https:\/\/fiduciaire-luxconcept.lu<\/span><\/strong><span>\u00a0<\/span>est susceptible de provoquer l\u2019installation de cookie(s) sur l\u2019ordinateur de l\u2019utilisateur.<\/p>\n<p>Un \u00ab\u00a0cookie\u00a0\u00bb est un fichier de petite taille qui enregistre des informations relatives \u00e0 la navigation d\u2019un utilisateur sur un site. Les donn\u00e9es ainsi obtenues permettent d&rsquo;obtenir des mesures de fr\u00e9quentation, par exemple.<\/p>\n<p>Vous avez la possibilit\u00e9<span>\u00a0<\/span><strong>d\u2019accepter ou de refuser les cookies<\/strong><span>\u00a0<\/span>en modifiant les param\u00e8tres de votre navigateur. Aucun cookie ne sera d\u00e9pos\u00e9 sans votre consentement.<\/p>\n<p>Les cookies sont enregistr\u00e9s pour une dur\u00e9e maximale de<span>\u00a0<\/span><span class=\"ff_dynamic_value\" data-ref=\"cookies\" data-fallback=\"\">12<\/span><span>\u00a0<\/span>mois.<\/p>\n<p>Pour plus d&rsquo;informations sur la fa\u00e7on dont nous faisons usage des cookies, lisez notre<span>\u00a0<\/span><strong><span class=\"ff_dynamic_value\" data-ref=\"politique_confidentialite\" data-fallback=\"\">https:\/\/fiduciaire-luxconcept.lu\/politique-confidentialite\/<\/span><\/strong>.<\/p>\n<hr class=\"wp-block-separator\" \/>\n<h2><span id=\"lwptoc25\">6 &#8211; Droit applicable et attribution de juridiction.<\/span><\/h2>\n<p>Tout litige en relation avec l\u2019utilisation du site<span>\u00a0<\/span><strong><span class=\"ff_dynamic_value\" data-ref=\"url\" data-fallback=\"\">https:\/\/fiduciaire-luxconcept.lu<\/span><\/strong><span>\u00a0<\/span>est soumis au droit Luxembourgois. En dehors des cas o\u00f9 la loi ne le permet pas, il est fait attribution exclusive de juridiction aux tribunaux comp\u00e9tents de<span>\u00a0<\/span><strong><span class=\"ff_dynamic_value\" data-ref=\"ville_du_tribunal\" data-fallback=\"\">Luxembourg<\/span><\/strong>.<\/p>\n<p><span><\/span><\/p>\n<p><span>Derni\u00e8re mise \u00e0 jour 30\/12\/2024<\/span><\/p>\n<p>[\/et_pb_text][\/et_pb_column][\/et_pb_row][\/et_pb_section]<\/p>\n","protected":false},"excerpt":{"rendered":"<p>1 &#8211; \u00c9dition du site Pour la confiance dans l&rsquo;\u00e9conomie num\u00e9rique, il est pr\u00e9cis\u00e9 aux utilisateurs du site internet\u00a0https:\/\/fiduciaire-luxconcept.lu\u00a0l&rsquo;identit\u00e9 des diff\u00e9rents intervenants dans le cadre de sa r\u00e9alisation et de son suivi: Propri\u00e9taire du site :\u00a0SANCHEZ Pablo\u00a0&#8211; Contact :\u00a0info@luxconcept.eu\u00a0+352 26 67 61 1\u00a0&#8211; Adresse :\u00a015, Rue Robert Schuman L-5751 Frisange. Identification de l&rsquo;entreprise :\u00a0 Fiduciaire Comptable LUXCONCEPT S.\u00e0 r.l. Adresse postale :\u00a015, Rue Robert Schuman L-5751 Frisange Directeur de la publication :\u00a0SANCHEZ Pablo H\u00e9bergeur :\u00a0Hostinger 2 &#8211; Propri\u00e9t\u00e9 intellectuelle et contrefa\u00e7ons. SANCHEZ Pablo\u00a0est propri\u00e9taire des droits de propri\u00e9t\u00e9 intellectuelle et d\u00e9tient les droits d\u2019usage sur tous les \u00e9l\u00e9ments accessibles sur le site internet, notamment les textes, images, graphismes, logos, vid\u00e9os, architecture, ic\u00f4nes et sons. Toute reproduction, repr\u00e9sentation, modification, publication, adaptation de tout ou partie des \u00e9l\u00e9ments du site, quel que soit le moyen ou le proc\u00e9d\u00e9 utilis\u00e9, est interdite, sauf autorisation \u00e9crite pr\u00e9alable de\u00a0SANCHEZ Pablo. Toute exploitation non autoris\u00e9e du site ou de quelconque \u00e9l\u00e9ment qu\u2019il contient sera consid\u00e9r\u00e9e comme constitutive d\u2019une contrefa\u00e7on et poursuivie conform\u00e9ment aux dispositions de la loi. &nbsp; 3 &#8211; Limitations de responsabilit\u00e9. SANCHEZ Pablo\u00a0ne pourra \u00eatre tenu pour responsable des dommages directs et indirects caus\u00e9s au mat\u00e9riel de l\u2019utilisateur, lors de l\u2019acc\u00e8s au site\u00a0https:\/\/fiduciaire-luxconcept.lu. SANCHEZ [&hellip;]<\/p>\n","protected":false},"author":1,"featured_media":0,"parent":0,"menu_order":0,"comment_status":"closed","ping_status":"closed","template":"","meta":{"_et_pb_use_builder":"on","_et_pb_old_content":"<!-- wp:divi\/placeholder \/-->","_et_gb_content_width":"","footnotes":""},"difl_page_category":[],"class_list":["post-395390","page","type-page","status-publish","hentry"],"yoast_head":"<!-- This site is optimized with the Yoast SEO plugin v27.3 - https:\/\/yoast.com\/product\/yoast-seo-wordpress\/ -->\n<title>Mentions l\u00e9gales - Luxconcept<\/title>\n<meta name=\"robots\" content=\"noindex, nofollow\" \/>\n<meta property=\"og:locale\" content=\"en_GB\" \/>\n<meta property=\"og:type\" content=\"article\" \/>\n<meta property=\"og:title\" content=\"Mentions l\u00e9gales - Luxconcept\" \/>\n<meta property=\"og:description\" content=\"1 - \u00c9dition du site Pour la confiance dans l&#039;\u00e9conomie num\u00e9rique, il est pr\u00e9cis\u00e9 aux utilisateurs du site internet\u00a0https:\/\/fiduciaire-luxconcept.lu\u00a0l&#039;identit\u00e9 des diff\u00e9rents intervenants dans le cadre de sa r\u00e9alisation et de son suivi: Propri\u00e9taire du site :\u00a0SANCHEZ Pablo\u00a0- Contact :\u00a0info@luxconcept.eu\u00a0+352 26 67 61 1\u00a0- Adresse :\u00a015, Rue Robert Schuman L-5751 Frisange. Identification de l&#039;entreprise :\u00a0 Fiduciaire Comptable LUXCONCEPT S.\u00e0 r.l. Adresse postale :\u00a015, Rue Robert Schuman L-5751 Frisange Directeur de la publication :\u00a0SANCHEZ Pablo H\u00e9bergeur :\u00a0Hostinger 2 - Propri\u00e9t\u00e9 intellectuelle et contrefa\u00e7ons. SANCHEZ Pablo\u00a0est propri\u00e9taire des droits de propri\u00e9t\u00e9 intellectuelle et d\u00e9tient les droits d\u2019usage sur tous les \u00e9l\u00e9ments accessibles sur le site internet, notamment les textes, images, graphismes, logos, vid\u00e9os, architecture, ic\u00f4nes et sons. Toute reproduction, repr\u00e9sentation, modification, publication, adaptation de tout ou partie des \u00e9l\u00e9ments du site, quel que soit le moyen ou le proc\u00e9d\u00e9 utilis\u00e9, est interdite, sauf autorisation \u00e9crite pr\u00e9alable de\u00a0SANCHEZ Pablo. Toute exploitation non autoris\u00e9e du site ou de quelconque \u00e9l\u00e9ment qu\u2019il contient sera consid\u00e9r\u00e9e comme constitutive d\u2019une contrefa\u00e7on et poursuivie conform\u00e9ment aux dispositions de la loi. &nbsp; 3 - Limitations de responsabilit\u00e9. SANCHEZ Pablo\u00a0ne pourra \u00eatre tenu pour responsable des dommages directs et indirects caus\u00e9s au mat\u00e9riel de l\u2019utilisateur, lors de l\u2019acc\u00e8s au site\u00a0https:\/\/fiduciaire-luxconcept.lu. SANCHEZ [&hellip;]\" \/>\n<meta property=\"og:url\" content=\"https:\/\/fiduciaire-luxconcept.lu\/en\/legal-information\/\" \/>\n<meta property=\"og:site_name\" content=\"Luxconcept\" \/>\n<meta property=\"article:modified_time\" content=\"2024-12-30T15:26:06+00:00\" \/>\n<meta name=\"twitter:card\" content=\"summary_large_image\" \/>\n<meta name=\"twitter:label1\" content=\"Estimated reading time\" \/>\n\t<meta name=\"twitter:data1\" content=\"4 minutes\" \/>\n<script type=\"application\/ld+json\" class=\"yoast-schema-graph\">{\"@context\":\"https:\\\/\\\/schema.org\",\"@graph\":[{\"@type\":\"WebPage\",\"@id\":\"https:\\\/\\\/fiduciaire-luxconcept.lu\\\/mentions-legales\\\/\",\"url\":\"https:\\\/\\\/fiduciaire-luxconcept.lu\\\/mentions-legales\\\/\",\"name\":\"Mentions l\u00e9gales - Luxconcept\",\"isPartOf\":{\"@id\":\"https:\\\/\\\/fiduciaire-luxconcept.lu\\\/#website\"},\"datePublished\":\"2024-03-05T09:29:56+00:00\",\"dateModified\":\"2024-12-30T15:26:06+00:00\",\"breadcrumb\":{\"@id\":\"https:\\\/\\\/fiduciaire-luxconcept.lu\\\/mentions-legales\\\/#breadcrumb\"},\"inLanguage\":\"en-GB\",\"potentialAction\":[{\"@type\":\"ReadAction\",\"target\":[\"https:\\\/\\\/fiduciaire-luxconcept.lu\\\/mentions-legales\\\/\"]}]},{\"@type\":\"BreadcrumbList\",\"@id\":\"https:\\\/\\\/fiduciaire-luxconcept.lu\\\/mentions-legales\\\/#breadcrumb\",\"itemListElement\":[{\"@type\":\"ListItem\",\"position\":1,\"name\":\"Accueil\",\"item\":\"https:\\\/\\\/fiduciaire-luxconcept.lu\\\/\"},{\"@type\":\"ListItem\",\"position\":2,\"name\":\"Mentions l\u00e9gales\"}]},{\"@type\":\"WebSite\",\"@id\":\"https:\\\/\\\/fiduciaire-luxconcept.lu\\\/#website\",\"url\":\"https:\\\/\\\/fiduciaire-luxconcept.lu\\\/\",\"name\":\"Luxconcept\",\"description\":\"\",\"potentialAction\":[{\"@type\":\"SearchAction\",\"target\":{\"@type\":\"EntryPoint\",\"urlTemplate\":\"https:\\\/\\\/fiduciaire-luxconcept.lu\\\/?s={search_term_string}\"},\"query-input\":{\"@type\":\"PropertyValueSpecification\",\"valueRequired\":true,\"valueName\":\"search_term_string\"}}],\"inLanguage\":\"en-GB\"}]}<\/script>\n<!-- \/ Yoast SEO plugin. -->","yoast_head_json":{"title":"Legal information - Luxconcept","robots":{"index":"noindex","follow":"nofollow"},"og_locale":"en_GB","og_type":"article","og_title":"Mentions l\u00e9gales - Luxconcept","og_description":"1 - \u00c9dition du site Pour la confiance dans l'\u00e9conomie num\u00e9rique, il est pr\u00e9cis\u00e9 aux utilisateurs du site internet\u00a0https:\/\/fiduciaire-luxconcept.lu\u00a0l'identit\u00e9 des diff\u00e9rents intervenants dans le cadre de sa r\u00e9alisation et de son suivi: Propri\u00e9taire du site :\u00a0SANCHEZ Pablo\u00a0- Contact :\u00a0info@luxconcept.eu\u00a0+352 26 67 61 1\u00a0- Adresse :\u00a015, Rue Robert Schuman L-5751 Frisange. Identification de l'entreprise :\u00a0 Fiduciaire Comptable LUXCONCEPT S.\u00e0 r.l. Adresse postale :\u00a015, Rue Robert Schuman L-5751 Frisange Directeur de la publication :\u00a0SANCHEZ Pablo H\u00e9bergeur :\u00a0Hostinger 2 - Propri\u00e9t\u00e9 intellectuelle et contrefa\u00e7ons. SANCHEZ Pablo\u00a0est propri\u00e9taire des droits de propri\u00e9t\u00e9 intellectuelle et d\u00e9tient les droits d\u2019usage sur tous les \u00e9l\u00e9ments accessibles sur le site internet, notamment les textes, images, graphismes, logos, vid\u00e9os, architecture, ic\u00f4nes et sons. Toute reproduction, repr\u00e9sentation, modification, publication, adaptation de tout ou partie des \u00e9l\u00e9ments du site, quel que soit le moyen ou le proc\u00e9d\u00e9 utilis\u00e9, est interdite, sauf autorisation \u00e9crite pr\u00e9alable de\u00a0SANCHEZ Pablo. Toute exploitation non autoris\u00e9e du site ou de quelconque \u00e9l\u00e9ment qu\u2019il contient sera consid\u00e9r\u00e9e comme constitutive d\u2019une contrefa\u00e7on et poursuivie conform\u00e9ment aux dispositions de la loi. &nbsp; 3 - Limitations de responsabilit\u00e9. SANCHEZ Pablo\u00a0ne pourra \u00eatre tenu pour responsable des dommages directs et indirects caus\u00e9s au mat\u00e9riel de l\u2019utilisateur, lors de l\u2019acc\u00e8s au site\u00a0https:\/\/fiduciaire-luxconcept.lu. SANCHEZ [&hellip;]","og_url":"https:\/\/fiduciaire-luxconcept.lu\/en\/legal-information\/","og_site_name":"Luxconcept","article_modified_time":"2024-12-30T15:26:06+00:00","twitter_card":"summary_large_image","twitter_misc":{"Estimated reading time":"4 minutes"},"schema":{"@context":"https:\/\/schema.org","@graph":[{"@type":"WebPage","@id":"https:\/\/fiduciaire-luxconcept.lu\/mentions-legales\/","url":"https:\/\/fiduciaire-luxconcept.lu\/mentions-legales\/","name":"Legal information - Luxconcept","isPartOf":{"@id":"https:\/\/fiduciaire-luxconcept.lu\/#website"},"datePublished":"2024-03-05T09:29:56+00:00","dateModified":"2024-12-30T15:26:06+00:00","breadcrumb":{"@id":"https:\/\/fiduciaire-luxconcept.lu\/mentions-legales\/#breadcrumb"},"inLanguage":"en-GB","potentialAction":[{"@type":"ReadAction","target":["https:\/\/fiduciaire-luxconcept.lu\/mentions-legales\/"]}]},{"@type":"BreadcrumbList","@id":"https:\/\/fiduciaire-luxconcept.lu\/mentions-legales\/#breadcrumb","itemListElement":[{"@type":"ListItem","position":1,"name":"Accueil","item":"https:\/\/fiduciaire-luxconcept.lu\/"},{"@type":"ListItem","position":2,"name":"Mentions l\u00e9gales"}]},{"@type":"WebSite","@id":"https:\/\/fiduciaire-luxconcept.lu\/#website","url":"https:\/\/fiduciaire-luxconcept.lu\/","name":"Luxconcept","description":"","potentialAction":[{"@type":"SearchAction","target":{"@type":"EntryPoint","urlTemplate":"https:\/\/fiduciaire-luxconcept.lu\/?s={search_term_string}"},"query-input":{"@type":"PropertyValueSpecification","valueRequired":true,"valueName":"search_term_string"}}],"inLanguage":"en-GB"}]}},"_links":{"self":[{"href":"https:\/\/fiduciaire-luxconcept.lu\/en\/wp-json\/wp\/v2\/pages\/395390","targetHints":{"allow":["GET"]}}],"collection":[{"href":"https:\/\/fiduciaire-luxconcept.lu\/en\/wp-json\/wp\/v2\/pages"}],"about":[{"href":"https:\/\/fiduciaire-luxconcept.lu\/en\/wp-json\/wp\/v2\/types\/page"}],"author":[{"embeddable":true,"href":"https:\/\/fiduciaire-luxconcept.lu\/en\/wp-json\/wp\/v2\/users\/1"}],"replies":[{"embeddable":true,"href":"https:\/\/fiduciaire-luxconcept.lu\/en\/wp-json\/wp\/v2\/comments?post=395390"}],"version-history":[{"count":8,"href":"https:\/\/fiduciaire-luxconcept.lu\/en\/wp-json\/wp\/v2\/pages\/395390\/revisions"}],"predecessor-version":[{"id":395614,"href":"https:\/\/fiduciaire-luxconcept.lu\/en\/wp-json\/wp\/v2\/pages\/395390\/revisions\/395614"}],"wp:attachment":[{"href":"https:\/\/fiduciaire-luxconcept.lu\/en\/wp-json\/wp\/v2\/media?parent=395390"}],"wp:term":[{"taxonomy":"difl_page_category","embeddable":true,"href":"https:\/\/fiduciaire-luxconcept.lu\/en\/wp-json\/wp\/v2\/difl_page_category?post=395390"}],"curies":[{"name":"wp","href":"https:\/\/api.w.org\/{rel}","templated":true}]}}