{"id":395388,"date":"2024-03-05T09:29:35","date_gmt":"2024-03-05T09:29:35","guid":{"rendered":"http:\/\/luxconcept.testpw.link\/?page_id=395388"},"modified":"2024-12-30T15:27:02","modified_gmt":"2024-12-30T15:27:02","slug":"privacy-policy","status":"publish","type":"page","link":"https:\/\/fiduciaire-luxconcept.lu\/en\/politique-confidentialite\/","title":{"rendered":"Privacy policy"},"content":{"rendered":"<p>[et_pb_section fb_built=\u00a0\u00bb1&Prime; next_background_color=\u00a0\u00bb#ffffff\u00a0\u00bb _builder_version=\u00a0\u00bb4.23.4&Prime; _module_preset=\u00a0\u00bbdefault\u00a0\u00bb background_color=\u00a0\u00bbrgba(246,181,55,0.1)\u00a0\u00bb background_enable_pattern_style=\u00a0\u00bbon\u00a0\u00bb background_pattern_style=\u00a0\u00bbdiagonal-stripes\u00a0\u00bb background_pattern_color=\u00a0\u00bbRGBA(246,181,55,0.1)\u00a0\u00bb background_pattern_size=\u00a0\u00bbcustom\u00a0\u00bb background_pattern_width=\u00a0\u00bb6px\u00a0\u00bb custom_padding=\u00a0\u00bb80px||0px||false|false\u00a0\u00bb bottom_divider_style=\u00a0\u00bbtriangle\u00a0\u00bb bottom_divider_flip=\u00a0\u00bbvertical\u00a0\u00bb locked=\u00a0\u00bboff\u00a0\u00bb global_colors_info=\u00a0\u00bb{}\u00a0\u00bb][\/et_pb_section][et_pb_section fb_built=\u00a0\u00bb1&Prime; _builder_version=\u00a0\u00bb4.23.4&Prime; _module_preset=\u00a0\u00bbdefault\u00a0\u00bb custom_padding=\u00a0\u00bb||0px||false|false\u00a0\u00bb global_colors_info=\u00a0\u00bb{}\u00a0\u00bb][et_pb_row _builder_version=\u00a0\u00bb4.24.0&Prime; _module_preset=\u00a0\u00bbdefault\u00a0\u00bb global_colors_info=\u00a0\u00bb{}\u00a0\u00bb][et_pb_column type=\u00a0\u00bb4_4&Prime; _builder_version=\u00a0\u00bb4.24.0&Prime; _module_preset=\u00a0\u00bbdefault\u00a0\u00bb global_colors_info=\u00a0\u00bb{}\u00a0\u00bb][et_pb_text _builder_version=\u00a0\u00bb4.27.4&Prime; _module_preset=\u00a0\u00bbdefault\u00a0\u00bb hover_enabled=\u00a0\u00bb0&Prime; global_colors_info=\u00a0\u00bb{}\u00a0\u00bb sticky_enabled=\u00a0\u00bb0&Prime;]<\/p>\n<p><strong>Politique de confidentialit\u00e9 en mati\u00e8re de traitement des Donn\u00e9es Personnelles (DP)<\/strong><\/p>\n<p>Fiduciaire Comptable Luxconcept S.\u00e0 r.l., ci-apr\u00e8s nomm\u00e9e \u00ab Luxconcept \u00bb met tout en \u0153uvre pour prot\u00e9ger votre vie priv\u00e9e et veiller \u00e0 ce que vous puissiez continuer \u00e0 nous confier vos donn\u00e9es personnelles en toute s\u00e9curit\u00e9.<\/p>\n<p>Luxconcept g\u00e8re toujours les donn\u00e9es personnelles de fa\u00e7on s\u00fbre et discr\u00e8te et prend toutes les mesures de s\u00e9curit\u00e9 raisonnables (sur les plans technique et organisationnel) afin d\u2019\u00e9viter la perte, l\u2019alt\u00e9ration, l\u2019acc\u00e8s non autoris\u00e9, la diffusion accidentelle \u00e0 des tiers et\/ou tout autre traitement illicite de donn\u00e9es personnelles collect\u00e9es. Nous utiliserons toujours vos donn\u00e9es personnelles de mani\u00e8re loyale afin de nous montrer dignes de votre confiance.<\/p>\n<p>Le traitement des donn\u00e9es personnelles s\u2019effectue toujours en conformit\u00e9 avec les r\u00e9glementations europ\u00e9enne en vigueur en mati\u00e8re de protection de la vie priv\u00e9e, dont le r\u00e8glement (UE) 2016\/679 du 27 avril 2016 relatif \u00e0 la protection des personnes physiques \u00e0 l\u2019\u00e9gard du traitement des donn\u00e9es \u00e0 caract\u00e8re personnel et \u00e0 la libre circulation de ces donn\u00e9es, et abrogeant la directive 95\/46\/CE (le \u00ab RGPD \u00bb ou le \u00ab GDPR \u00bb).<\/p>\n<p>Aux fins d\u2019application de la pr\u00e9sente d\u00e9claration de confidentialit\u00e9, les \u00ab\u00a0donn\u00e9es \u00e0 caract\u00e8re personnel\u00a0\u00bb d\u00e9signent : toute information concernant une personne physique identifi\u00e9e ou identifiable (la \u00ab personne concern\u00e9e \u00bb). Est r\u00e9put\u00e9e identifiable une personne physique qui peut \u00eatre identifi\u00e9e, directement ou indirectement, notamment par r\u00e9f\u00e9rence \u00e0 un identifiant, tel qu\u2019un nom, un num\u00e9ro d\u2019identification, des donn\u00e9es de localisation, un identifiant en ligne, ou \u00e0 un ou plusieurs \u00e9l\u00e9ments propres \u00e0 son identit\u00e9 physique, physiologique, g\u00e9n\u00e9tique, psychique, \u00e9conomique, culturelle ou sociale.<\/p>\n<p><strong><\/strong><\/p>\n<p><strong>1. Champ d\u2019application de la pr\u00e9sente d\u00e9claration de confidentialit\u00e9<\/strong><\/p>\n<p>Par la pr\u00e9sente d\u00e9claration de confidentialit\u00e9, Luxconcept entend vous donner des explications claires et transparentes sur les donn\u00e9es \u00e0 caract\u00e8re personnel vous concernant qui sont collect\u00e9es, sur la finalit\u00e9 de leur collecte, sur l\u2019utilisation que nous en faisons et sur les personnes \u00e0 contacter pour toute question \u00e0 ce sujet.<\/p>\n<p>Luxconcept peut modifier ou mettre \u00e0 jour cette d\u00e9claration de confidentialit\u00e9 pour tenir compte des commentaires des clients ou refl\u00e9ter les changements dans ses activit\u00e9s de traitement.<\/p>\n<p><strong><\/strong><\/p>\n<p><strong>2. Collecte de donn\u00e9es \u00e0 caract\u00e8re personnel<\/strong><\/p>\n<p><strong>2.1 Quand des donn\u00e9es \u00e0 caract\u00e8re personnel sont-elles trait\u00e9es ?<\/strong><\/p>\n<p>Nous collectons entre autres des donn\u00e9es \u00e0 caract\u00e8re personnel lorsque :<\/p>\n<ul>\n<li>vous visitez notre site web ;<\/li>\n<li>vous communiquez des donn\u00e9es \u00e0 caract\u00e8re personnel lors de l\u2019utilisation de notre site web (y compris nos pages sur les r\u00e9seaux sociaux), par exemple lorsque vous nous \u00e9crivez en utilisant le formulaire du site internet\u00a0;<\/li>\n<li>vous devenez\/voulez devenir client ;<\/li>\n<li>vous prenez contact avec nous via les diff\u00e9rents canaux mis \u00e0 votre disposition ;<\/li>\n<li>vous remplissez ou signez les formulaires et les contrats que nous vous soumettons ;<\/li>\n<li>vous vous abonnez \u00e0 notre newsletter\u00a0;<\/li>\n<li>vous interagissez en ligne ou par voie \u00e9lectronique avec nous.<\/li>\n<\/ul>\n<p>Lorsque nous demandons vos donn\u00e9es \u00e0 caract\u00e8re personnel, vous avez le droit de ne pas acc\u00e9der \u00e0 cette demande. Dans ce cas, nous respectons votre choix. Sachez toutefois que nous pourrions, dans ce cas, ne pas \u00eatre en mesure d\u2019ex\u00e9cuter certains services.<\/p>\n<p><strong>2.2 Quelles donn\u00e9es sont trait\u00e9es ?<\/strong><\/p>\n<p>Luxconcept traite les donn\u00e9es \u00e0 caract\u00e8re personnel suivantes :<\/p>\n<ul>\n<li>Donn\u00e9es de contact et d\u2019identification personnelles : nom, pr\u00e9nom, adresse postale, courriel, num\u00e9ro(s) de t\u00e9l\u00e9phone, date et lieu de naissance, num\u00e9ro matricule, num\u00e9ro de dossier, num\u00e9ro de TVA et num\u00e9ro RCS\/LBR.<\/li>\n<li>Autres informations personnelles n\u00e9cessaires \u00e0 l\u2019ex\u00e9cution du contrat (dont la prestation de services de qualit\u00e9) : facturation.<\/li>\n<\/ul>\n<p>Luxconcept utilise des cookies et autres technologies de suivi qui collectent certaines donn\u00e9es lorsque vous visitez le site web de <span><a href=\"http:\/\/www.fiduciaire-luxconcept.lu\">www.fiduciaire-luxconcept.lu<\/a><\/span>.<\/p>\n<p>&nbsp;<\/p>\n<p><strong>3. Pourquoi Luxconcept<\/strong>\u00a0<strong>collecte-t-elle des donn\u00e9es \u00e0 caract\u00e8re personnel ?<\/strong><\/p>\n<p>Luxconcept recueille et utilise vos donn\u00e9es \u00e0 caract\u00e8re personnel exclusivement aux fins d\u00e9termin\u00e9es, sp\u00e9cifiques et l\u00e9gitimes \u00e9num\u00e9r\u00e9es ci-dessous :<\/p>\n<p><strong>Types de donn\u00e9es \u00e0 caract\u00e8re personnel collect\u00e9es :<\/strong> Nom, pr\u00e9nom, adresse postale, courriel, num\u00e9ro(s) de t\u00e9l\u00e9phone, date et lieu de naissance, num\u00e9ro matricule, num\u00e9ro de dossier, num\u00e9ro de TVA et num\u00e9ro RCS\/LBR.<\/p>\n<p><strong>Finalit\u00e9 :<\/strong> Gestion et ex\u00e9cution des prestations de services.<br \/><strong>Fondement juridique :<\/strong> N\u00e9cessaire \u00e0 l\u2019ex\u00e9cution du contrat.<\/p>\n<p>&nbsp;<\/p>\n<p><strong>Types de donn\u00e9es \u00e0 caract\u00e8re personnel collect\u00e9es :<\/strong> Nom, pr\u00e9nom, courriel, num\u00e9ro de t\u00e9l\u00e9phone.<br \/><strong>Finalit\u00e9 :<\/strong> Collecte d\u2019avis g\u00e9n\u00e9raux sur notre service.<br \/><strong>Fondement juridique :<\/strong> Int\u00e9r\u00eat l\u00e9gitime.<\/p>\n<p>&nbsp;<\/p>\n<p><strong>Types de donn\u00e9es \u00e0 caract\u00e8re personnel collect\u00e9es :<\/strong> Nom, pr\u00e9nom et courriel.<br \/><strong>Finalit\u00e9 :<\/strong> Impliquer activement les clients et les informer sur nos produits et services aux moyens de communications pertinentes.<\/p>\n<p><strong>Fondement juridique :<\/strong> Int\u00e9r\u00eat l\u00e9gitime.<\/p>\n<p>&nbsp;<\/p>\n<p><strong>Types de donn\u00e9es \u00e0 caract\u00e8re personnel collect\u00e9es :<\/strong> Nom, pr\u00e9nom, num\u00e9ro de TVA, adresse postale et donn\u00e9es de paiement.<br \/><strong>Finalit\u00e9 :<\/strong> Pour satisfaire \u00e0 des obligations l\u00e9gales, r\u00e9glementaires et administratives.<br \/><strong>Fondement juridique :<\/strong> Obligation l\u00e9gale<\/p>\n<p><strong>\u00a0<\/strong><\/p>\n<p><strong>Types de donn\u00e9es \u00e0 caract\u00e8re personnel collect\u00e9es :<\/strong> Nom, pr\u00e9nom, num\u00e9ro de TVA, num\u00e9ro RCS, adresse postale, courriel, num\u00e9ro de t\u00e9l\u00e9phone et factures.<br \/><strong>Finalit\u00e9 :<\/strong> Nous traitons vos donn\u00e9es \u00e0 caract\u00e8re personnel pour d\u00e9fendre et prot\u00e9ger nos droits.<br \/><strong>Fondement juridique :<\/strong> Int\u00e9r\u00eat l\u00e9gitime.<\/p>\n<p>&nbsp;<\/p>\n<p><strong>4. Partage de donn\u00e9es \u00e0 caract\u00e8re personnel par Luxconcept<\/strong>\u00a0<strong>\u00a0<\/strong><\/p>\n<p>Luxconcept peut partager vos donn\u00e9es \u00e0 caract\u00e8re personnel avec un tiers si elle y est tenue soit en vertu d\u2019une obligation l\u00e9gale ou r\u00e9glementaire soit en vertu d\u2019une contrainte \u00e9manant d\u2019une autorit\u00e9 publique dans les limites l\u00e9gales. Vos donn\u00e9es sont donc conserv\u00e9es et \u00e9ventuellement transmises.<\/p>\n<p>Les donn\u00e9es \u00e0 caract\u00e8re personnel ne sont pas transmises en dehors de l\u2019Union Europ\u00e9enne.<\/p>\n<p>&nbsp;<\/p>\n<p><strong>5. Vos droits concernant vos donn\u00e9es \u00e0 caract\u00e8re personnel<\/strong><\/p>\n<p>Vous disposez de nombreux droits visant \u00e0 vous donner un meilleur contr\u00f4le du traitement de vos donn\u00e9es \u00e0 caract\u00e8re personnel. Vous trouverez de plus amples informations ci-dessous :<\/p>\n<p><strong>5.1 Droit de vous d\u00e9sabonner des messages publicitaires<\/strong><\/p>\n<p>Toute personne concern\u00e9e a le droit de se d\u00e9sabonner des messages d\u2019information, messages publicitaires, propositions et offres pour les produits et services de Luxconcept.<\/p>\n<p>Si vous \u00eates client et que vous indiquez ne plus vouloir recevoir de messages publicitaires, sachez que vous \u00eates susceptible de continuer \u00e0 recevoir des messages de Luxconcept dans le cadre de l\u2019ex\u00e9cution de votre contrat.<\/p>\n<p><strong>5.2 Droit d\u2019acc\u00e8s, de rectification, de limitation et d\u2019opposition<\/strong><\/p>\n<p>Vous disposez toujours du droit d\u2019acc\u00e8s \u00e0 vos donn\u00e9es \u00e0 caract\u00e8re personnel.<\/p>\n<p>Vous avez \u00e9galement le droit de demander \u00e0 Luxconcept de corriger des inexactitudes ou incompl\u00e9tudes dans vos donn\u00e9es \u00e0 caract\u00e8re personnel. Si vous l\u2019estimez n\u00e9cessaire, vous pouvez en outre demander \u00e0 Luxconcept de limiter le traitement de vos donn\u00e9es \u00e0 caract\u00e8re personnel.<\/p>\n<p>Vous pouvez toujours vous opposer, sans frais, au traitement automatis\u00e9 de vos donn\u00e9es \u00e0 caract\u00e8re personnel.<\/p>\n<p><strong>5.3. Droit d\u2019effacement de donn\u00e9es<\/strong><\/p>\n<p>Vous pouvez demander, \u00e0 certaines conditions, l\u2019effacement de vos donn\u00e9es. Dans ce cas, vous devez cependant prendre en consid\u00e9ration le fait que nous ne serons plus en mesure de vous offrir un service si vous le souhaitez. Votre droit \u00e0 l\u2019oubli n\u2019est toutefois pas absolu. Nous avons le droit de conserver vos donn\u00e9es lorsque cela est n\u00e9cessaire, entre autres :<\/p>\n<ul>\n<li>au respect d\u2019une obligation l\u00e9gale ;<\/li>\n<li>\u00e0 la constatation, \u00e0 l\u2019exercice ou \u00e0 la d\u00e9fense de droits en justice.<\/li>\n<\/ul>\n<p><strong>5.4. Droit de retrait de votre consentement<\/strong><\/p>\n<p>Lorsque vos donn\u00e9es \u00e0 caract\u00e8re personnel sont trait\u00e9es parce que vous y avez consenti, vous pouvez retirer ce consentement \u00e0 tout moment sur simple demande adress\u00e9e \u00e0 Luxconcept.<\/p>\n<p><strong>5.5 Droit \u00e0 la portabilit\u00e9 des donn\u00e9es<\/strong><\/p>\n<p>Vous avez \u00e9galement le droit, \u00e0 certaines conditions, de nous demander de transf\u00e9rer \u00e0 un autre responsable du traitement les donn\u00e9es \u00e0 caract\u00e8re personnel que vous nous avez communiqu\u00e9es pour l\u2019ex\u00e9cution du contrat ou pour lesquelles vous avez donn\u00e9 votre consentement. Dans la mesure du techniquement possible, nous envoyons vos donn\u00e9es \u00e0 caract\u00e8re personnel directement au nouveau responsable du traitement.<\/p>\n<p><strong>5.6. Exercice de vos droits<\/strong><\/p>\n<p>Vous pouvez exercer ces droits facilement et gratuitement en nous adressant un e-mail \u00e0 l\u2019adresse \u00e9lectronique suivante : rgpd@luxconcept.eu. Afin de pouvoir v\u00e9rifier votre identit\u00e9, nous vous demandons d\u2019envoyer une copie de votre pi\u00e8ce d\u2019identit\u00e9 en cours de validit\u00e9.<\/p>\n<p>&nbsp;<\/p>\n<p><strong>6. S\u00e9curit\u00e9 et conservation des donn\u00e9es<\/strong><\/p>\n<p><strong>6.1 S\u00e9curit\u00e9 des donn\u00e9es<\/strong><\/p>\n<p>Luxconcept a mis en place diverses mesures techniques et organisationnelles pour prot\u00e9ger vos donn\u00e9es \u00e0 caract\u00e8re personnel contre l\u2019acc\u00e8s, l\u2019utilisation ou la divulgation non autoris\u00e9(e). Luxconcept conserve vos donn\u00e9es \u00e0 caract\u00e8re personnel exclusivement dans des environnements s\u00e9curis\u00e9s et contr\u00f4l\u00e9s qui ne sont accessibles qu\u2019aux collaborateurs qui en ont besoin pour l\u2019exercice de leurs t\u00e2ches. Les serveurs sur lesquels sont stock\u00e9es vos donn\u00e9es \u00e0 caract\u00e8re personnel se trouvent dans un environnement contr\u00f4l\u00e9 avec acc\u00e8s limit\u00e9.<\/p>\n<p><strong>6.2 Conservation<\/strong><\/p>\n<p>Luxconcept ne conservera pas vos donn\u00e9es \u00e0 caract\u00e8re personnel plus longtemps que n\u00e9cessaire. La dur\u00e9e effective du traitement et de la conservation est d\u00e9termin\u00e9e en fonction des finalit\u00e9s du traitement, en tenant compte des d\u00e9lais de prescription et des \u00e9ventuelles obligations de conservation d\u00e9coulant d\u2019une l\u00e9gislation sp\u00e9cifique (p. ex., l\u00e9gislation comptable et sociale).<\/p>\n<p>&nbsp;<\/p>\n<p><strong>7. Contact ou plaintes<\/strong><\/p>\n<p>Luxconcept agit en tant que responsable du traitement des donn\u00e9es \u00e0 caract\u00e8re personnel qu\u2019elle traite (\u00ab responsable du traitement \u00bb). Si vous avez des questions ou des commentaires \u00e0 propos de la pr\u00e9sente d\u00e9claration de confidentialit\u00e9 ou de la mani\u00e8re dont Luxconcept recueille des donn\u00e9es \u00e0 caract\u00e8re personnel, vous pouvez toujours nous contacter par t\u00e9l\u00e9phone, par e-mail ou par courrier.<\/p>\n<p><strong>T\u00e9l\u00e9phone :<\/strong> 26 67 61 1<\/p>\n<p><strong>E-mail :<\/strong> rgpd@luxconcept.eu<\/p>\n<p><strong>Courrier postal :<\/strong> 15, rue Robert Schuman L-5751 Frisange<\/p>\n<p>Si vous estimez que le traitement de vos donn\u00e9es effectu\u00e9 par nous constitue une violation du RGPD, vous pouvez introduire une r\u00e9clamation aupr\u00e8s de la CNPD\u00a0:<\/p>\n<p><span><a href=\"https:\/\/cnpd.public.lu\/fr\/particuliers\/faire-valoir\/formulaire-plainte.html\">https:\/\/cnpd.public.lu\/fr\/particuliers\/faire-valoir\/formulaire-plainte.html<\/a><\/span><\/p>\n<p>&nbsp;<\/p>\n<p>Derni\u00e8re mise \u00e0 jour 30.12.2024<\/p>\n<p>&nbsp;<\/p>\n<p>[\/et_pb_text][\/et_pb_column][\/et_pb_row][\/et_pb_section]<\/p>\n","protected":false},"excerpt":{"rendered":"<p>Politique de confidentialit\u00e9 en mati\u00e8re de traitement des Donn\u00e9es Personnelles (DP) Fiduciaire Comptable Luxconcept S.\u00e0 r.l., ci-apr\u00e8s nomm\u00e9e \u00ab Luxconcept \u00bb met tout en \u0153uvre pour prot\u00e9ger votre vie priv\u00e9e et veiller \u00e0 ce que vous puissiez continuer \u00e0 nous confier vos donn\u00e9es personnelles en toute s\u00e9curit\u00e9. Luxconcept g\u00e8re toujours les donn\u00e9es personnelles de fa\u00e7on s\u00fbre et discr\u00e8te et prend toutes les mesures de s\u00e9curit\u00e9 raisonnables (sur les plans technique et organisationnel) afin d\u2019\u00e9viter la perte, l\u2019alt\u00e9ration, l\u2019acc\u00e8s non autoris\u00e9, la diffusion accidentelle \u00e0 des tiers et\/ou tout autre traitement illicite de donn\u00e9es personnelles collect\u00e9es. Nous utiliserons toujours vos donn\u00e9es personnelles de mani\u00e8re loyale afin de nous montrer dignes de votre confiance. Le traitement des donn\u00e9es personnelles s\u2019effectue toujours en conformit\u00e9 avec les r\u00e9glementations europ\u00e9enne en vigueur en mati\u00e8re de protection de la vie priv\u00e9e, dont le r\u00e8glement (UE) 2016\/679 du 27 avril 2016 relatif \u00e0 la protection des personnes physiques \u00e0 l\u2019\u00e9gard du traitement des donn\u00e9es \u00e0 caract\u00e8re personnel et \u00e0 la libre circulation de ces donn\u00e9es, et abrogeant la directive 95\/46\/CE (le \u00ab RGPD \u00bb ou le \u00ab GDPR \u00bb). Aux fins d\u2019application de la pr\u00e9sente d\u00e9claration de confidentialit\u00e9, les \u00ab\u00a0donn\u00e9es \u00e0 caract\u00e8re personnel\u00a0\u00bb d\u00e9signent : toute information [&hellip;]<\/p>\n","protected":false},"author":1,"featured_media":0,"parent":0,"menu_order":0,"comment_status":"closed","ping_status":"closed","template":"","meta":{"_et_pb_use_builder":"on","_et_pb_old_content":"<!-- wp:divi\/placeholder \/-->","_et_gb_content_width":"","footnotes":""},"difl_page_category":[],"class_list":["post-395388","page","type-page","status-publish","hentry"],"yoast_head":"<!-- This site is optimized with the Yoast SEO plugin v27.3 - https:\/\/yoast.com\/product\/yoast-seo-wordpress\/ -->\n<title>Politique de confidentialit\u00e9 - Luxconcept<\/title>\n<meta name=\"robots\" content=\"noindex, nofollow\" \/>\n<meta property=\"og:locale\" content=\"en_GB\" \/>\n<meta property=\"og:type\" content=\"article\" \/>\n<meta property=\"og:title\" content=\"Politique de confidentialit\u00e9 - Luxconcept\" \/>\n<meta property=\"og:description\" content=\"Politique de confidentialit\u00e9 en mati\u00e8re de traitement des Donn\u00e9es Personnelles (DP) Fiduciaire Comptable Luxconcept S.\u00e0 r.l., ci-apr\u00e8s nomm\u00e9e \u00ab Luxconcept \u00bb met tout en \u0153uvre pour prot\u00e9ger votre vie priv\u00e9e et veiller \u00e0 ce que vous puissiez continuer \u00e0 nous confier vos donn\u00e9es personnelles en toute s\u00e9curit\u00e9. Luxconcept g\u00e8re toujours les donn\u00e9es personnelles de fa\u00e7on s\u00fbre et discr\u00e8te et prend toutes les mesures de s\u00e9curit\u00e9 raisonnables (sur les plans technique et organisationnel) afin d\u2019\u00e9viter la perte, l\u2019alt\u00e9ration, l\u2019acc\u00e8s non autoris\u00e9, la diffusion accidentelle \u00e0 des tiers et\/ou tout autre traitement illicite de donn\u00e9es personnelles collect\u00e9es. Nous utiliserons toujours vos donn\u00e9es personnelles de mani\u00e8re loyale afin de nous montrer dignes de votre confiance. Le traitement des donn\u00e9es personnelles s\u2019effectue toujours en conformit\u00e9 avec les r\u00e9glementations europ\u00e9enne en vigueur en mati\u00e8re de protection de la vie priv\u00e9e, dont le r\u00e8glement (UE) 2016\/679 du 27 avril 2016 relatif \u00e0 la protection des personnes physiques \u00e0 l\u2019\u00e9gard du traitement des donn\u00e9es \u00e0 caract\u00e8re personnel et \u00e0 la libre circulation de ces donn\u00e9es, et abrogeant la directive 95\/46\/CE (le \u00ab RGPD \u00bb ou le \u00ab GDPR \u00bb). Aux fins d\u2019application de la pr\u00e9sente d\u00e9claration de confidentialit\u00e9, les \u00ab\u00a0donn\u00e9es \u00e0 caract\u00e8re personnel\u00a0\u00bb d\u00e9signent : toute information [&hellip;]\" \/>\n<meta property=\"og:url\" content=\"https:\/\/fiduciaire-luxconcept.lu\/en\/privacy-policy\/\" \/>\n<meta property=\"og:site_name\" content=\"Luxconcept\" \/>\n<meta property=\"article:modified_time\" content=\"2024-12-30T15:27:02+00:00\" \/>\n<meta name=\"twitter:card\" content=\"summary_large_image\" \/>\n<meta name=\"twitter:label1\" content=\"Estimated reading time\" \/>\n\t<meta name=\"twitter:data1\" content=\"14 minutes\" \/>\n<script type=\"application\/ld+json\" class=\"yoast-schema-graph\">{\"@context\":\"https:\\\/\\\/schema.org\",\"@graph\":[{\"@type\":\"WebPage\",\"@id\":\"https:\\\/\\\/fiduciaire-luxconcept.lu\\\/politique-confidentialite\\\/\",\"url\":\"https:\\\/\\\/fiduciaire-luxconcept.lu\\\/politique-confidentialite\\\/\",\"name\":\"Politique de confidentialit\u00e9 - Luxconcept\",\"isPartOf\":{\"@id\":\"https:\\\/\\\/fiduciaire-luxconcept.lu\\\/#website\"},\"datePublished\":\"2024-03-05T09:29:35+00:00\",\"dateModified\":\"2024-12-30T15:27:02+00:00\",\"breadcrumb\":{\"@id\":\"https:\\\/\\\/fiduciaire-luxconcept.lu\\\/politique-confidentialite\\\/#breadcrumb\"},\"inLanguage\":\"en-GB\",\"potentialAction\":[{\"@type\":\"ReadAction\",\"target\":[\"https:\\\/\\\/fiduciaire-luxconcept.lu\\\/politique-confidentialite\\\/\"]}]},{\"@type\":\"BreadcrumbList\",\"@id\":\"https:\\\/\\\/fiduciaire-luxconcept.lu\\\/politique-confidentialite\\\/#breadcrumb\",\"itemListElement\":[{\"@type\":\"ListItem\",\"position\":1,\"name\":\"Accueil\",\"item\":\"https:\\\/\\\/fiduciaire-luxconcept.lu\\\/\"},{\"@type\":\"ListItem\",\"position\":2,\"name\":\"Politique de confidentialit\u00e9\"}]},{\"@type\":\"WebSite\",\"@id\":\"https:\\\/\\\/fiduciaire-luxconcept.lu\\\/#website\",\"url\":\"https:\\\/\\\/fiduciaire-luxconcept.lu\\\/\",\"name\":\"Luxconcept\",\"description\":\"\",\"potentialAction\":[{\"@type\":\"SearchAction\",\"target\":{\"@type\":\"EntryPoint\",\"urlTemplate\":\"https:\\\/\\\/fiduciaire-luxconcept.lu\\\/?s={search_term_string}\"},\"query-input\":{\"@type\":\"PropertyValueSpecification\",\"valueRequired\":true,\"valueName\":\"search_term_string\"}}],\"inLanguage\":\"en-GB\"}]}<\/script>\n<!-- \/ Yoast SEO plugin. -->","yoast_head_json":{"title":"Privacy policy - Luxconcept","robots":{"index":"noindex","follow":"nofollow"},"og_locale":"en_GB","og_type":"article","og_title":"Politique de confidentialit\u00e9 - Luxconcept","og_description":"Politique de confidentialit\u00e9 en mati\u00e8re de traitement des Donn\u00e9es Personnelles (DP) Fiduciaire Comptable Luxconcept S.\u00e0 r.l., ci-apr\u00e8s nomm\u00e9e \u00ab Luxconcept \u00bb met tout en \u0153uvre pour prot\u00e9ger votre vie priv\u00e9e et veiller \u00e0 ce que vous puissiez continuer \u00e0 nous confier vos donn\u00e9es personnelles en toute s\u00e9curit\u00e9. Luxconcept g\u00e8re toujours les donn\u00e9es personnelles de fa\u00e7on s\u00fbre et discr\u00e8te et prend toutes les mesures de s\u00e9curit\u00e9 raisonnables (sur les plans technique et organisationnel) afin d\u2019\u00e9viter la perte, l\u2019alt\u00e9ration, l\u2019acc\u00e8s non autoris\u00e9, la diffusion accidentelle \u00e0 des tiers et\/ou tout autre traitement illicite de donn\u00e9es personnelles collect\u00e9es. Nous utiliserons toujours vos donn\u00e9es personnelles de mani\u00e8re loyale afin de nous montrer dignes de votre confiance. Le traitement des donn\u00e9es personnelles s\u2019effectue toujours en conformit\u00e9 avec les r\u00e9glementations europ\u00e9enne en vigueur en mati\u00e8re de protection de la vie priv\u00e9e, dont le r\u00e8glement (UE) 2016\/679 du 27 avril 2016 relatif \u00e0 la protection des personnes physiques \u00e0 l\u2019\u00e9gard du traitement des donn\u00e9es \u00e0 caract\u00e8re personnel et \u00e0 la libre circulation de ces donn\u00e9es, et abrogeant la directive 95\/46\/CE (le \u00ab RGPD \u00bb ou le \u00ab GDPR \u00bb). Aux fins d\u2019application de la pr\u00e9sente d\u00e9claration de confidentialit\u00e9, les \u00ab\u00a0donn\u00e9es \u00e0 caract\u00e8re personnel\u00a0\u00bb d\u00e9signent : toute information [&hellip;]","og_url":"https:\/\/fiduciaire-luxconcept.lu\/en\/privacy-policy\/","og_site_name":"Luxconcept","article_modified_time":"2024-12-30T15:27:02+00:00","twitter_card":"summary_large_image","twitter_misc":{"Estimated reading time":"14 minutes"},"schema":{"@context":"https:\/\/schema.org","@graph":[{"@type":"WebPage","@id":"https:\/\/fiduciaire-luxconcept.lu\/politique-confidentialite\/","url":"https:\/\/fiduciaire-luxconcept.lu\/politique-confidentialite\/","name":"Privacy policy - Luxconcept","isPartOf":{"@id":"https:\/\/fiduciaire-luxconcept.lu\/#website"},"datePublished":"2024-03-05T09:29:35+00:00","dateModified":"2024-12-30T15:27:02+00:00","breadcrumb":{"@id":"https:\/\/fiduciaire-luxconcept.lu\/politique-confidentialite\/#breadcrumb"},"inLanguage":"en-GB","potentialAction":[{"@type":"ReadAction","target":["https:\/\/fiduciaire-luxconcept.lu\/politique-confidentialite\/"]}]},{"@type":"BreadcrumbList","@id":"https:\/\/fiduciaire-luxconcept.lu\/politique-confidentialite\/#breadcrumb","itemListElement":[{"@type":"ListItem","position":1,"name":"Accueil","item":"https:\/\/fiduciaire-luxconcept.lu\/"},{"@type":"ListItem","position":2,"name":"Politique de confidentialit\u00e9"}]},{"@type":"WebSite","@id":"https:\/\/fiduciaire-luxconcept.lu\/#website","url":"https:\/\/fiduciaire-luxconcept.lu\/","name":"Luxconcept","description":"","potentialAction":[{"@type":"SearchAction","target":{"@type":"EntryPoint","urlTemplate":"https:\/\/fiduciaire-luxconcept.lu\/?s={search_term_string}"},"query-input":{"@type":"PropertyValueSpecification","valueRequired":true,"valueName":"search_term_string"}}],"inLanguage":"en-GB"}]}},"_links":{"self":[{"href":"https:\/\/fiduciaire-luxconcept.lu\/en\/wp-json\/wp\/v2\/pages\/395388","targetHints":{"allow":["GET"]}}],"collection":[{"href":"https:\/\/fiduciaire-luxconcept.lu\/en\/wp-json\/wp\/v2\/pages"}],"about":[{"href":"https:\/\/fiduciaire-luxconcept.lu\/en\/wp-json\/wp\/v2\/types\/page"}],"author":[{"embeddable":true,"href":"https:\/\/fiduciaire-luxconcept.lu\/en\/wp-json\/wp\/v2\/users\/1"}],"replies":[{"embeddable":true,"href":"https:\/\/fiduciaire-luxconcept.lu\/en\/wp-json\/wp\/v2\/comments?post=395388"}],"version-history":[{"count":10,"href":"https:\/\/fiduciaire-luxconcept.lu\/en\/wp-json\/wp\/v2\/pages\/395388\/revisions"}],"predecessor-version":[{"id":395615,"href":"https:\/\/fiduciaire-luxconcept.lu\/en\/wp-json\/wp\/v2\/pages\/395388\/revisions\/395615"}],"wp:attachment":[{"href":"https:\/\/fiduciaire-luxconcept.lu\/en\/wp-json\/wp\/v2\/media?parent=395388"}],"wp:term":[{"taxonomy":"difl_page_category","embeddable":true,"href":"https:\/\/fiduciaire-luxconcept.lu\/en\/wp-json\/wp\/v2\/difl_page_category?post=395388"}],"curies":[{"name":"wp","href":"https:\/\/api.w.org\/{rel}","templated":true}]}}